{"id":2652,"date":"2024-08-12T17:47:20","date_gmt":"2024-08-12T20:47:20","guid":{"rendered":"https:\/\/supercorban.hackeandoconsignado.com.br\/?page_id=2652"},"modified":"2026-03-02T16:12:13","modified_gmt":"2026-03-02T19:12:13","slug":"termos-e-condicoes","status":"publish","type":"page","link":"https:\/\/credk.com.br\/new\/termos-e-condicoes\/","title":{"rendered":"Termos e Condi\u00e7\u00f5es"},"content":{"rendered":"\t\t<div data-elementor-type=\"wp-page\" data-elementor-id=\"2652\" class=\"elementor elementor-2652\" data-elementor-post-type=\"page\">\n\t\t\t\t<div class=\"elementor-element elementor-element-9fb393f e-flex e-con-boxed e-con e-parent\" data-id=\"9fb393f\" data-element_type=\"container\" data-e-type=\"container\">\n\t\t\t\t\t<div class=\"e-con-inner\">\n\t\t\t\t<div class=\"elementor-element elementor-element-d8e41ee elementor-widget elementor-widget-html\" data-id=\"d8e41ee\" data-element_type=\"widget\" data-e-type=\"widget\" data-widget_type=\"html.default\">\n\t\t\t\t<div class=\"elementor-widget-container\">\n\t\t\t\t\t<h2><span style=\"color: rgb(68, 68, 68);\">1. Termos<\/span><\/h2>\r\n<p><span style=\"color: rgb(68, 68, 68);\">\r\nAo acessar o site <a href=\"https:\/\/credk.com.br\/\">Cred K<\/a>, voc\u00ea concorda em cumprir estes Termos de Servi\u00e7o, bem como todas as leis e regulamentos aplic\u00e1veis, e reconhece ser respons\u00e1vel pelo cumprimento das leis locais aplic\u00e1veis. Caso n\u00e3o concorde com algum destes termos, voc\u00ea est\u00e1 proibido de usar ou acessar este site. Os materiais contidos neste site s\u00e3o protegidos pelas leis de direitos autorais e de marcas comerciais aplic\u00e1veis.\r\n<\/span><\/p>\r\n\r\n<h2><span style=\"color: rgb(68, 68, 68);\">2. Uso de Licen\u00e7a<\/span><\/h2>\r\n<p><span style=\"color: rgb(68, 68, 68);\">\r\n\u00c9 concedida permiss\u00e3o para baixar temporariamente uma c\u00f3pia dos materiais (informa\u00e7\u00f5es ou software) dispon\u00edveis no site Cred K, exclusivamente para visualiza\u00e7\u00e3o pessoal, transit\u00f3ria e n\u00e3o comercial. Esta concess\u00e3o constitui uma licen\u00e7a, e n\u00e3o uma transfer\u00eancia de titularidade. Sob esta licen\u00e7a, voc\u00ea n\u00e3o poder\u00e1:\r\n<\/span><\/p>\r\n\r\n<ol>\r\n<li><span style=\"color: rgb(68, 68, 68);\">Modificar ou copiar os materiais;<\/span><\/li>\r\n<li><span style=\"color: rgb(68, 68, 68);\">Utilizar os materiais para qualquer finalidade comercial ou para exibi\u00e7\u00e3o p\u00fablica, seja comercial ou n\u00e3o comercial;<\/span><\/li>\r\n<li><span style=\"color: rgb(68, 68, 68);\">Tentar descompilar, realizar engenharia reversa ou qualquer forma de acesso ao c\u00f3digo-fonte de softwares contidos no site Cred K;<\/span><\/li>\r\n<li><span style=\"color: rgb(68, 68, 68);\">Remover quaisquer direitos autorais ou outras indica\u00e7\u00f5es de propriedade dos materiais; ou<\/span><\/li>\r\n<li><span style=\"color: rgb(68, 68, 68);\">Transferir os materiais a terceiros ou espelhar os materiais em qualquer outro servidor.<\/span><\/li>\r\n<\/ol>\r\n\r\n<p><span style=\"color: rgb(68, 68, 68);\">\r\nEsta licen\u00e7a ser\u00e1 automaticamente rescindida caso voc\u00ea viole qualquer uma destas restri\u00e7\u00f5es, podendo tamb\u00e9m ser rescindida a qualquer momento por iniciativa do Cred K. Ao encerrar a visualiza\u00e7\u00e3o dos materiais ou ap\u00f3s o t\u00e9rmino desta licen\u00e7a, voc\u00ea dever\u00e1 excluir todos os materiais baixados que estejam em sua posse, seja em formato eletr\u00f4nico ou impresso.\r\n<\/span><\/p>\r\n\r\n<h2><span style=\"color: rgb(68, 68, 68);\">3. Isen\u00e7\u00e3o de Responsabilidade<\/span><\/h2>\r\n<ol>\r\n<li><span style=\"color: rgb(68, 68, 68);\">\r\nOs materiais disponibilizados no site da Cred K s\u00e3o fornecidos \u201cno estado em que se encontram\u201d. O Cred K n\u00e3o oferece garantias, expressas ou impl\u00edcitas, e, por meio deste instrumento, isenta-se e rejeita todas as demais garantias, incluindo, sem limita\u00e7\u00e3o, garantias impl\u00edcitas de comercializa\u00e7\u00e3o, adequa\u00e7\u00e3o a um prop\u00f3sito espec\u00edfico ou n\u00e3o viola\u00e7\u00e3o de direitos de propriedade intelectual ou outros direitos.\r\n<\/span><\/li>\r\n<li><span style=\"color: rgb(68, 68, 68);\">\r\nO Cred K tamb\u00e9m n\u00e3o garante nem faz qualquer declara\u00e7\u00e3o quanto \u00e0 precis\u00e3o, aos resultados esperados ou \u00e0 confiabilidade do uso dos materiais em seu site, nem em rela\u00e7\u00e3o a sites vinculados.\r\n<\/span><\/li>\r\n<\/ol>\r\n\r\n<h2><span style=\"color: rgb(68, 68, 68);\">4. Limita\u00e7\u00f5es<\/span><\/h2>\r\n<p><span style=\"color: rgb(68, 68, 68);\">\r\nEm nenhuma hip\u00f3tese o Cred K ou seus fornecedores ser\u00e3o respons\u00e1veis por quaisquer danos, incluindo, sem limita\u00e7\u00e3o, danos por perda de dados, perda de lucros ou interrup\u00e7\u00e3o de neg\u00f3cios, decorrentes do uso ou da incapacidade de uso dos materiais disponibilizados no site Cred K, ainda que o Cred K ou um representante autorizado tenha sido notificado sobre a possibilidade de tais danos. Algumas jurisdi\u00e7\u00f5es n\u00e3o permitem limita\u00e7\u00f5es de garantias impl\u00edcitas ou exclus\u00e3o de responsabilidade por danos incidentais ou consequenciais, raz\u00e3o pela qual essas limita\u00e7\u00f5es podem n\u00e3o se aplicar a voc\u00ea.\r\n<\/span><\/p>\r\n\r\n<h2><span style=\"color: rgb(68, 68, 68);\">5. Precis\u00e3o dos Materiais<\/span><\/h2>\r\n<p><span style=\"color: rgb(68, 68, 68);\">\r\nOs materiais exibidos no site da Cred K podem conter erros t\u00e9cnicos, tipogr\u00e1ficos ou fotogr\u00e1ficos. O Cred K n\u00e3o garante que qualquer material disponibilizado seja preciso, completo ou atualizado. O Cred K poder\u00e1 realizar altera\u00e7\u00f5es nos materiais a qualquer momento, sem aviso pr\u00e9vio, n\u00e3o assumindo, contudo, a obriga\u00e7\u00e3o de atualiz\u00e1-los.\r\n<\/span><\/p>\r\n\r\n<h2><span style=\"color: rgb(68, 68, 68);\">6. Links<\/span><\/h2>\r\n<p><span style=\"color: rgb(68, 68, 68);\">\r\nO Cred K n\u00e3o analisou todos os sites vinculados ao seu site e n\u00e3o se responsabiliza pelo conte\u00fado de quaisquer sites externos. A inclus\u00e3o de links n\u00e3o implica endosso, aprova\u00e7\u00e3o ou recomenda\u00e7\u00e3o por parte do Cred K. O acesso a sites de terceiros ocorre por conta e risco do usu\u00e1rio.\r\n<\/span><\/p>\r\n\r\n<h3><span style=\"color: rgb(68, 68, 68);\">Modifica\u00e7\u00f5es<\/span><\/h3>\r\n<p><span style=\"color: rgb(68, 68, 68);\">\r\nO Cred K poder\u00e1 revisar estes Termos de Servi\u00e7o a qualquer momento, sem aviso pr\u00e9vio. Ao utilizar este site, voc\u00ea concorda em ficar vinculado \u00e0 vers\u00e3o vigente dos Termos de Servi\u00e7o.\r\n<\/span><\/p>\r\n\r\n<h3><span style=\"color: rgb(68, 68, 68);\">Lei Aplic\u00e1vel<\/span><\/h3>\r\n<p><span style=\"color: rgb(68, 68, 68);\">\r\nEstes Termos e Condi\u00e7\u00f5es s\u00e3o regidos e interpretados de acordo com as leis aplic\u00e1veis no Brasil, e o usu\u00e1rio se submete, de forma irrevog\u00e1vel, \u00e0 jurisdi\u00e7\u00e3o exclusiva dos tribunais competentes.\r\n<\/span><\/p>\t\t\t\t<\/div>\n\t\t\t\t<\/div>\n\t\t\t\t\t<\/div>\n\t\t\t\t<\/div>\n\t\t\t\t<\/div>\n\t\t","protected":false},"excerpt":{"rendered":"<p>1. Termos Ao acessar o site Cred K, voc\u00ea concorda em cumprir estes Termos de Servi\u00e7o, bem como todas as leis e regulamentos aplic\u00e1veis, e reconhece ser respons\u00e1vel pelo cumprimento das leis locais aplic\u00e1veis. Caso n\u00e3o concorde com algum destes termos, voc\u00ea est\u00e1 proibido de usar ou acessar este site. Os materiais contidos neste site &#8230; <a title=\"Termos e Condi\u00e7\u00f5es\" class=\"read-more\" href=\"https:\/\/credk.com.br\/new\/termos-e-condicoes\/\" aria-label=\"Read more about Termos e Condi\u00e7\u00f5es\">Ler mais<\/a><\/p>\n","protected":false},"author":1,"featured_media":0,"parent":0,"menu_order":0,"comment_status":"closed","ping_status":"closed","template":"elementor_header_footer","meta":{"_joinchat":[],"footnotes":""},"class_list":["post-2652","page","type-page","status-publish"],"_links":{"self":[{"href":"https:\/\/credk.com.br\/new\/wp-json\/wp\/v2\/pages\/2652","targetHints":{"allow":["GET"]}}],"collection":[{"href":"https:\/\/credk.com.br\/new\/wp-json\/wp\/v2\/pages"}],"about":[{"href":"https:\/\/credk.com.br\/new\/wp-json\/wp\/v2\/types\/page"}],"author":[{"embeddable":true,"href":"https:\/\/credk.com.br\/new\/wp-json\/wp\/v2\/users\/1"}],"replies":[{"embeddable":true,"href":"https:\/\/credk.com.br\/new\/wp-json\/wp\/v2\/comments?post=2652"}],"version-history":[{"count":7,"href":"https:\/\/credk.com.br\/new\/wp-json\/wp\/v2\/pages\/2652\/revisions"}],"predecessor-version":[{"id":4082,"href":"https:\/\/credk.com.br\/new\/wp-json\/wp\/v2\/pages\/2652\/revisions\/4082"}],"wp:attachment":[{"href":"https:\/\/credk.com.br\/new\/wp-json\/wp\/v2\/media?parent=2652"}],"curies":[{"name":"wp","href":"https:\/\/api.w.org\/{rel}","templated":true}]}}