{"id":2641,"date":"2024-08-12T17:42:07","date_gmt":"2024-08-12T20:42:07","guid":{"rendered":"https:\/\/supercorban.hackeandoconsignado.com.br\/?page_id=2641"},"modified":"2026-03-02T16:11:16","modified_gmt":"2026-03-02T19:11:16","slug":"politica-de-privacidade","status":"publish","type":"page","link":"https:\/\/credk.com.br\/new\/politica-de-privacidade\/","title":{"rendered":"Pol\u00edtica de Privacidade"},"content":{"rendered":"\t\t<div data-elementor-type=\"wp-page\" data-elementor-id=\"2641\" class=\"elementor elementor-2641\" data-elementor-post-type=\"page\">\n\t\t\t\t<div class=\"elementor-element elementor-element-9fb393f e-flex e-con-boxed e-con e-parent\" data-id=\"9fb393f\" data-element_type=\"container\" data-e-type=\"container\">\n\t\t\t\t\t<div class=\"e-con-inner\">\n\t\t\t\t<div class=\"elementor-element elementor-element-d8e41ee elementor-widget elementor-widget-html\" data-id=\"d8e41ee\" data-element_type=\"widget\" data-e-type=\"widget\" data-widget_type=\"html.default\">\n\t\t\t\t<div class=\"elementor-widget-container\">\n\t\t\t\t\t<h2><span style=\"color: rgb(68, 68, 68);\">Pol\u00edtica de Privacidade<\/span><\/h2>\r\n\r\n<p><span style=\"color: rgb(68, 68, 68);\">A sua privacidade \u00e9 importante para n\u00f3s. \u00c9 pol\u00edtica do Cred K respeitar a sua privacidade em rela\u00e7\u00e3o a qualquer informa\u00e7\u00e3o sua que possamos coletar no site <a href=\"https:\/\/credk.com.br\/\">Cred K<\/a> e em outros sites que possu\u00edmos e operamos.<\/span><\/p>\r\n\r\n<p><span style=\"color: rgb(68, 68, 68);\">Solicitamos informa\u00e7\u00f5es pessoais apenas quando realmente precisamos delas para lhe fornecer um servi\u00e7o. Fazemos isso por meios justos e legais, com o seu conhecimento e consentimento. Tamb\u00e9m informamos o motivo da coleta e como essas informa\u00e7\u00f5es ser\u00e3o utilizadas.<\/span><\/p>\r\n\r\n<p><span style=\"color: rgb(68, 68, 68);\">Apenas retemos as informa\u00e7\u00f5es coletadas pelo tempo necess\u00e1rio para fornecer o servi\u00e7o solicitado. Quando armazenamos dados, utilizamos meios comercialmente aceit\u00e1veis para proteg\u00ea-los contra perdas e roubos, bem como contra acesso, divulga\u00e7\u00e3o, c\u00f3pia, uso ou modifica\u00e7\u00e3o n\u00e3o autorizados.<\/span><\/p>\r\n\r\n<p><span style=\"color: rgb(68, 68, 68);\">N\u00e3o compartilhamos informa\u00e7\u00f5es de identifica\u00e7\u00e3o pessoal publicamente ou com terceiros, exceto quando exigido por lei.<\/span><\/p>\r\n\r\n<p><span style=\"color: rgb(68, 68, 68);\">O nosso site pode conter links para sites externos que n\u00e3o s\u00e3o operados por n\u00f3s. Esteja ciente de que n\u00e3o temos controle sobre o conte\u00fado e as pr\u00e1ticas desses sites e n\u00e3o podemos nos responsabilizar por suas respectivas&nbsp;<\/span><a href=\"https:\/\/politicaprivacidade.com\/\" rel=\"noopener noreferrer\" target=\"_blank\" style=\"background-color: transparent; color: rgb(68, 68, 68);\">pol\u00edticas de privacidade<\/a><span style=\"color: rgb(68, 68, 68);\">.<\/span><\/p>\r\n\r\n<p><span style=\"color: rgb(68, 68, 68);\">Voc\u00ea \u00e9 livre para recusar a nossa solicita\u00e7\u00e3o de informa\u00e7\u00f5es pessoais, ciente de que talvez n\u00e3o possamos fornecer alguns dos servi\u00e7os desejados.<\/span><\/p>\r\n\r\n<p><span style=\"color: rgb(68, 68, 68);\">O uso continuado de nosso site ser\u00e1 considerado como aceita\u00e7\u00e3o de nossas pr\u00e1ticas relacionadas \u00e0 privacidade e \u00e0s informa\u00e7\u00f5es pessoais. Caso tenha alguma d\u00favida sobre como lidamos com dados do usu\u00e1rio e informa\u00e7\u00f5es pessoais, entre em contato conosco.<\/span><\/p>\r\n\r\n<p>\r\n<span style=\"color: rgb(68, 68, 68);\">\r\n<ul>\r\n<li><span style=\"color: rgb(68, 68, 68);\">O servi\u00e7o Google AdSense que utilizamos para veicular publicidade usa o cookie DoubleClick para exibir an\u00fancios mais relevantes em toda a Web e limitar o n\u00famero de vezes que um determinado an\u00fancio \u00e9 exibido para voc\u00ea.<\/span><\/li>\r\n\r\n<li><span style=\"color: rgb(68, 68, 68);\">Para mais informa\u00e7\u00f5es sobre o Google AdSense, consulte as FAQs oficiais sobre privacidade do Google AdSense.<\/span><\/li>\r\n\r\n<li><span style=\"color: rgb(68, 68, 68);\">Utilizamos an\u00fancios para compensar os custos de funcionamento deste site e fornecer financiamento para futuros desenvolvimentos. Os cookies de publicidade comportamental usados por este site foram projetados para garantir que voc\u00ea receba an\u00fancios mais relevantes sempre que poss\u00edvel, rastreando anonimamente seus interesses e exibindo conte\u00fados que possam ser do seu interesse.<\/span><\/li>\r\n\r\n<li><span style=\"color: rgb(68, 68, 68);\">Diversos parceiros anunciam em nosso nome, e os cookies de rastreamento de afiliados nos permitem identificar se nossos clientes acessaram o site por meio de um dos sites de nossos parceiros, possibilitando o devido cr\u00e9dito e, quando aplic\u00e1vel, permitindo que esses parceiros ofere\u00e7am promo\u00e7\u00f5es relacionadas a compras.<\/span><\/li>\r\n<\/ul>\r\n<p><br><\/p>\r\n<\/span>\r\n<\/p>\r\n\r\n<h3><span style=\"color: rgb(68, 68, 68);\">Compromisso do Usu\u00e1rio<\/span><\/h3>\r\n\r\n<p><span style=\"color: rgb(68, 68, 68);\">O usu\u00e1rio se compromete a fazer uso adequado dos conte\u00fados e das informa\u00e7\u00f5es que o Cred K oferece no site, com car\u00e1ter enunciativo, mas n\u00e3o limitativo:<\/span><\/p>\r\n\r\n<ul>\r\n<li><span style=\"color: rgb(68, 68, 68);\">A) N\u00e3o se envolver em atividades que sejam ilegais ou contr\u00e1rias \u00e0 boa-f\u00e9 e \u00e0 ordem p\u00fablica;<\/span><\/li>\r\n\r\n<li><span style=\"color: rgb(68, 68, 68);\">B) N\u00e3o difundir propaganda ou conte\u00fado de natureza racista, xenof\u00f3bica, relacionada a jogos de sorte ou azar, qualquer tipo de pornografia ilegal, apologia ao terrorismo ou conte\u00fados contr\u00e1rios aos direitos humanos;<\/span><\/li>\r\n\r\n<li><span style=\"color: rgb(68, 68, 68);\">C) N\u00e3o causar danos aos sistemas f\u00edsicos (hardware) e l\u00f3gicos (software) do Cred K, de seus fornecedores ou de terceiros, nem introduzir ou disseminar v\u00edrus inform\u00e1ticos ou quaisquer outros sistemas capazes de causar os danos anteriormente mencionados.<\/span><\/li>\r\n<\/ul>\r\n\r\n<h3><span style=\"color: rgb(68, 68, 68);\">Mais informa\u00e7\u00f5es<\/span><\/h3>\r\n\r\n<p><span style=\"color: rgb(68, 68, 68);\">Esperamos que esteja tudo esclarecido e, como mencionado anteriormente, se houver algo sobre o qual voc\u00ea n\u00e3o tenha certeza se \u00e9 necess\u00e1rio ou n\u00e3o, geralmente \u00e9 mais seguro manter os cookies ativados, caso interaja com algum dos recursos dispon\u00edveis em nosso site.<\/span><\/p>\r\n\r\n<p><span style=\"color: rgb(68, 68, 68);\">Esta pol\u00edtica \u00e9 efetiva a partir de&nbsp;2 de mar\u00e7o de 2026, \u00e0s 19:09.<\/span><\/p>\t\t\t\t<\/div>\n\t\t\t\t<\/div>\n\t\t\t\t\t<\/div>\n\t\t\t\t<\/div>\n\t\t\t\t<\/div>\n\t\t","protected":false},"excerpt":{"rendered":"<p>Pol\u00edtica de Privacidade A sua privacidade \u00e9 importante para n\u00f3s. \u00c9 pol\u00edtica do Cred K respeitar a sua privacidade em rela\u00e7\u00e3o a qualquer informa\u00e7\u00e3o sua que possamos coletar no site Cred K e em outros sites que possu\u00edmos e operamos. Solicitamos informa\u00e7\u00f5es pessoais apenas quando realmente precisamos delas para lhe fornecer um servi\u00e7o. Fazemos isso &#8230; <a title=\"Pol\u00edtica de Privacidade\" class=\"read-more\" href=\"https:\/\/credk.com.br\/new\/politica-de-privacidade\/\" aria-label=\"Read more about Pol\u00edtica de Privacidade\">Ler mais<\/a><\/p>\n","protected":false},"author":1,"featured_media":0,"parent":0,"menu_order":0,"comment_status":"closed","ping_status":"closed","template":"elementor_header_footer","meta":{"_joinchat":[],"footnotes":""},"class_list":["post-2641","page","type-page","status-publish"],"_links":{"self":[{"href":"https:\/\/credk.com.br\/new\/wp-json\/wp\/v2\/pages\/2641","targetHints":{"allow":["GET"]}}],"collection":[{"href":"https:\/\/credk.com.br\/new\/wp-json\/wp\/v2\/pages"}],"about":[{"href":"https:\/\/credk.com.br\/new\/wp-json\/wp\/v2\/types\/page"}],"author":[{"embeddable":true,"href":"https:\/\/credk.com.br\/new\/wp-json\/wp\/v2\/users\/1"}],"replies":[{"embeddable":true,"href":"https:\/\/credk.com.br\/new\/wp-json\/wp\/v2\/comments?post=2641"}],"version-history":[{"count":7,"href":"https:\/\/credk.com.br\/new\/wp-json\/wp\/v2\/pages\/2641\/revisions"}],"predecessor-version":[{"id":4079,"href":"https:\/\/credk.com.br\/new\/wp-json\/wp\/v2\/pages\/2641\/revisions\/4079"}],"wp:attachment":[{"href":"https:\/\/credk.com.br\/new\/wp-json\/wp\/v2\/media?parent=2641"}],"curies":[{"name":"wp","href":"https:\/\/api.w.org\/{rel}","templated":true}]}}